{"id":22,"date":"2011-01-04T15:21:06","date_gmt":"2011-01-04T14:21:06","guid":{"rendered":"http:\/\/www.easyrider-kappel.de\/?page_id=22"},"modified":"2018-05-30T15:01:31","modified_gmt":"2018-05-30T14:01:31","slug":"steinbruch","status":"publish","type":"page","link":"https:\/\/easyrider-kappel.de\/?page_id=22","title":{"rendered":"Steinbruch"},"content":{"rendered":"<p style=\"text-align: justify;\"><a class=\"thickbox\" title=\"Vereinsheim am Steinbruch\" href=\"https:\/\/www.easyrider-kappel.de\/wp-content\/gallery\/steinbruch\/steinbruch.jpg\"><img decoding=\"async\" class=\"ngg-singlepic ngg-left\" src=\"https:\/\/www.easyrider-kappel.de\/wp-content\/gallery\/steinbruch\/thumbs\/thumbs_steinbruch.jpg\" alt=\"Vereinsheim\" \/><\/a>Das alte Steinbruchgel\u00e4nde in Kappel dient uns als Clubgel\u00e4nde, Festgel\u00e4nde und Vereinsheim. Dort findet jeden Mittwoch Abend unser Stammtisch statt, zu dem auch G\u00e4ste, Freunde und G\u00f6nner gern gesehen werden.<\/p>\n<div>&nbsp;<\/br><\/div>\n<div>\n<p style=\"text-align: justify;\"><strong>Geschichte des Steinbruchs<\/strong><\/p>\n<p style=\"text-align: justify;\">vor 1992: kommt noch<\/p>\n<p style=\"text-align: justify;\">Nach der offiziellen Vereinsgr\u00fcndung im Jahre 1991 wurde <a class=\"thickbox\" href=\"https:\/\/www.easyrider-kappel.de\/wp-content\/gallery\/steinbruch\/3706506_1_v12ujj6l.jpg\"><img loading=\"lazy\" decoding=\"async\" class=\"ngg-singlepic ngg-none alignright\" style=\"margin-left: 10px;\" src=\"https:\/\/www.easyrider-kappel.de\/wp-content\/gallery\/steinbruch\/thumbs\/thumbs_3706506_1_v12ujj6l.jpg\" alt=\"Erste Arbeiten\" width=\"100\" height=\"75\" \/><\/a>im <strong>M\u00e4rz 1992<\/strong> mit Schaufel, Pickel und Schubkarre ein Zugang in den  alten Steinbruch geschaffen, und mit Bohnenstecken und Plastikplanen die  erste Unterkunft f\u00fcr ein Motorradtreffen im Steinbruch erm\u00f6glicht.<\/p>\n<p style=\"text-align: justify;\">Nach dem der Verein immer mehr Mitglieder bekam begann man mit dem Bau einer festen Unterkunft die, wie der Verein selbst, stetig wuchs und besetzte somit quasi den Steinbruch.<\/p>\n<p style=\"text-align: justify;\">Als mit dem Bau der jetzigen Vereinsunterkunft im  Jahr <strong>1994<\/strong> jedoch eine Baugenehmigung n\u00f6tig wurde, hatte die Gemeinde  endg\u00fcltig gr\u00fcnes Licht zum Verbleib der Easy Rider im Steinbruch gegeben. <strong>2003<\/strong> wurde  ein Pachtvertrag \u00fcber zehn Jahre unterzeichnet.<\/p>\n<p style=\"text-align: justify;\">Und mit dem Eintrag in  das Vereinsregister<strong> 2010<\/strong> wurde sogar ein  Erbbaurechtsvertrag \u00fcber 99 Jahre abgeschlossen.<\/p>\n<p style=\"text-align: justify;\"><a class=\"thickbox\" href=\"https:\/\/www.easyrider-kappel.de\/wp-content\/gallery\/steinbruch\/319622_222977131090458_100001345175944_556946_625734974_n.jpg\"><img decoding=\"async\" class=\"ngg-singlepic ngg-left\" src=\"https:\/\/www.easyrider-kappel.de\/wp-content\/gallery\/steinbruch\/thumbs\/thumbs_319622_222977131090458_100001345175944_556946_625734974_n.jpg\" alt=\"319622_222977131090458_100001345175944_556946_625734974_n\" \/><\/a>Hierf\u00fcr wird der Steinbruch von den Easy Ridern gehegt und gepflegt. So wurde seit <strong>2011\/12<\/strong> u.a. eine neue Grillstelle errichtet, die Feuerstelle rundum erneuert und der Nebenraum komplett isoliert, der u.a. dem Kindergarten Dauchingen und Kappel als Unterkunft w\u00e4hrend der Waldwoche dient.<\/p>\n<\/div>\n<div>&nbsp;<\/br><\/div>\n<p style=\"text-align: justify;\"><strong>Bilder aus dem Steinbruch<\/strong><\/p>\n<p style=\"text-align: justify;\">ngg_shortcode_0_placeholder<\/p>\n","protected":false},"excerpt":{"rendered":"<p>Das alte Steinbruchgel\u00e4nde in Kappel dient uns als Clubgel\u00e4nde, Festgel\u00e4nde und Vereinsheim. Dort findet jeden Mittwoch Abend unser Stammtisch statt, zu dem auch G\u00e4ste, Freunde und G\u00f6nner gern gesehen werden. &nbsp; Geschichte des Steinbruchs vor 1992: kommt noch Nach der offiziellen Vereinsgr\u00fcndung im Jahre 1991 wurde im M\u00e4rz 1992 mit Schaufel, Pickel und Schubkarre ein [&hellip;]<\/p>\n","protected":false},"author":1,"featured_media":0,"parent":0,"menu_order":1,"comment_status":"closed","ping_status":"closed","template":"page-no-sidebar.php","meta":{"ngg_post_thumbnail":0,"footnotes":""},"class_list":["post-22","page","type-page","status-publish","hentry"],"_links":{"self":[{"href":"https:\/\/easyrider-kappel.de\/index.php?rest_route=\/wp\/v2\/pages\/22","targetHints":{"allow":["GET"]}}],"collection":[{"href":"https:\/\/easyrider-kappel.de\/index.php?rest_route=\/wp\/v2\/pages"}],"about":[{"href":"https:\/\/easyrider-kappel.de\/index.php?rest_route=\/wp\/v2\/types\/page"}],"author":[{"embeddable":true,"href":"https:\/\/easyrider-kappel.de\/index.php?rest_route=\/wp\/v2\/users\/1"}],"replies":[{"embeddable":true,"href":"https:\/\/easyrider-kappel.de\/index.php?rest_route=%2Fwp%2Fv2%2Fcomments&post=22"}],"version-history":[{"count":73,"href":"https:\/\/easyrider-kappel.de\/index.php?rest_route=\/wp\/v2\/pages\/22\/revisions"}],"predecessor-version":[{"id":776,"href":"https:\/\/easyrider-kappel.de\/index.php?rest_route=\/wp\/v2\/pages\/22\/revisions\/776"}],"wp:attachment":[{"href":"https:\/\/easyrider-kappel.de\/index.php?rest_route=%2Fwp%2Fv2%2Fmedia&parent=22"}],"curies":[{"name":"wp","href":"https:\/\/api.w.org\/{rel}","templated":true}]}}